{"id":46,"date":"2025-04-09T21:35:27","date_gmt":"2025-04-09T21:35:27","guid":{"rendered":"https:\/\/novaratio.cl\/wp\/home\/"},"modified":"2025-04-09T21:55:26","modified_gmt":"2025-04-09T21:55:26","slug":"home","status":"publish","type":"page","link":"https:\/\/novaratio.cl\/wp\/","title":{"rendered":"Inicio"},"content":{"rendered":"\n\n\n<h2>Nuestra visi\u00f3n<\/h2>\n\n<p data-start=\"121\" data-end=\"515\" class=\"\">Trabajamos para ser un estudio jur\u00eddico reconocido por nuestro enfoque humano, cercano y resolutivo, donde cada persona que nos consulta se sienta escuchada, acompa\u00f1ada y representada con dedicaci\u00f3n. Aspiramos a consolidarnos como referentes en la resoluci\u00f3n de conflictos a trav\u00e9s del di\u00e1logo, la empat\u00eda y la negociaci\u00f3n, priorizando siempre el bienestar de nuestros clientes y el respeto por sus derechos.<\/p><p>\n<\/p><p data-start=\"517\" data-end=\"722\" class=\"\">Nos proyectamos como un equipo comprometido con la justicia y la construcci\u00f3n de soluciones sostenibles, que aporte valor tanto en el \u00e1mbito legal como en la confianza y tranquilidad de quienes nos eligen.<\/p>\n\n\n\n\n\n\n<h2>MATERIAS<\/h2>\n\n\n\n<br><div><font face=\"Open Sans, Arial, sans-serif\"><span style=\"font-size: 14px;\">Destacando materias de familia, contratos, posesi\u00f3n efectiva entre otros.<\/span><\/font><\/div>\n\n\n<div><br><\/div><div><font face=\"Open Sans, Arial, sans-serif\"><span style=\"font-size: 14px;\">Brindamos asesor\u00edas para empresas, entre ellas Startup y m\u00e1s.<\/span><\/font><\/div>\n\n\n<div><br><\/div><div><font face=\"Open Sans, Arial, sans-serif\"><span style=\"font-size: 14px;\">Tu caso ser\u00e1 siempre nuestra prioridad.<\/span><\/font><\/div>\n\n\n\n\n<div><br><\/div><div><font face=\"Open Sans, Arial, sans-serif\"><span style=\"font-size: 14px;\">Si necesitas ayuda en alguna negociaci\u00f3n, cuenta con nosotros.<\/span><\/font><\/div>\n\n\n<p>Brindamos un servicio integral en todas las materias del Derecho.<\/p><span style=\"line-height: 0.9;\"><\/span>\n\n\n<div><br><\/div><div><font face=\"Open Sans, Arial, sans-serif\"><span style=\"font-size: 14px;\">Si necesitas ayuda ya siendo empleador o trabajador, estaremos para apoyarte.<\/span><\/font><\/div>\n\n\n\n\n\n\n\n\n\n\n\n\n\n\n<h2>Otros servicios<\/h2>\n\n\n\n\n\n\n\n\n\n\n\n\n\n\n","protected":false},"excerpt":{"rendered":"","protected":false},"author":1,"featured_media":0,"parent":0,"menu_order":0,"comment_status":"closed","ping_status":"closed","template":"","meta":{"pagelayer_contact_templates":[],"_pagelayer_content":"","footnotes":""},"class_list":["post-46","page","type-page","status-publish","hentry"],"_links":{"self":[{"href":"https:\/\/novaratio.cl\/wp\/wp-json\/wp\/v2\/pages\/46","targetHints":{"allow":["GET"]}}],"collection":[{"href":"https:\/\/novaratio.cl\/wp\/wp-json\/wp\/v2\/pages"}],"about":[{"href":"https:\/\/novaratio.cl\/wp\/wp-json\/wp\/v2\/types\/page"}],"author":[{"embeddable":true,"href":"https:\/\/novaratio.cl\/wp\/wp-json\/wp\/v2\/users\/1"}],"replies":[{"embeddable":true,"href":"https:\/\/novaratio.cl\/wp\/wp-json\/wp\/v2\/comments?post=46"}],"version-history":[{"count":5,"href":"https:\/\/novaratio.cl\/wp\/wp-json\/wp\/v2\/pages\/46\/revisions"}],"predecessor-version":[{"id":67,"href":"https:\/\/novaratio.cl\/wp\/wp-json\/wp\/v2\/pages\/46\/revisions\/67"}],"wp:attachment":[{"href":"https:\/\/novaratio.cl\/wp\/wp-json\/wp\/v2\/media?parent=46"}],"curies":[{"name":"wp","href":"https:\/\/api.w.org\/{rel}","templated":true}]}}